{"id":9,"date":"2021-12-05T18:45:16","date_gmt":"2021-12-05T18:45:16","guid":{"rendered":"https:\/\/napnet.hu\/napnet\/?page_id=9"},"modified":"2023-05-22T19:22:52","modified_gmt":"2023-05-22T19:22:52","slug":"kapcsolat","status":"publish","type":"page","link":"https:\/\/napnet.hu\/napnet\/index.php\/kapcsolat\/","title":{"rendered":"Kapcsolat"},"content":{"rendered":"\t\t<div data-elementor-type=\"wp-page\" data-elementor-id=\"9\" class=\"elementor elementor-9\" data-elementor-post-type=\"page\">\n\t\t\t\t\t\t<section class=\"elementor-section elementor-top-section elementor-element elementor-element-159dd6b elementor-section-boxed elementor-section-height-default elementor-section-height-default\" data-id=\"159dd6b\" data-element_type=\"section\" data-e-type=\"section\">\n\t\t\t\t\t\t<div class=\"elementor-container elementor-column-gap-default\">\n\t\t\t\t\t<div class=\"elementor-column elementor-col-100 elementor-top-column elementor-element elementor-element-c615466\" data-id=\"c615466\" data-element_type=\"column\" data-e-type=\"column\">\n\t\t\t<div class=\"elementor-widget-wrap elementor-element-populated\">\n\t\t\t\t\t\t<section class=\"elementor-section elementor-inner-section elementor-element elementor-element-c7a3522 elementor-section-boxed elementor-section-height-default elementor-section-height-default\" data-id=\"c7a3522\" data-element_type=\"section\" data-e-type=\"section\">\n\t\t\t\t\t\t<div class=\"elementor-container elementor-column-gap-default\">\n\t\t\t\t\t<div class=\"elementor-column elementor-col-50 elementor-inner-column elementor-element elementor-element-68e4c6d\" data-id=\"68e4c6d\" data-element_type=\"column\" data-e-type=\"column\">\n\t\t\t<div class=\"elementor-widget-wrap elementor-element-populated\">\n\t\t\t\t\t\t<div class=\"elementor-element elementor-element-b6d1376 elementor-widget elementor-widget-heading\" data-id=\"b6d1376\" data-element_type=\"widget\" data-e-type=\"widget\" data-widget_type=\"heading.default\">\n\t\t\t\t<div class=\"elementor-widget-container\">\n\t\t\t\t\t<h2 class=\"elementor-heading-title elementor-size-default\">NapNet Kft.<\/h2>\t\t\t\t<\/div>\n\t\t\t\t<\/div>\n\t\t\t\t<div class=\"elementor-element elementor-element-4c9b27b elementor-widget elementor-widget-heading\" data-id=\"4c9b27b\" data-element_type=\"widget\" data-e-type=\"widget\" data-widget_type=\"heading.default\">\n\t\t\t\t<div class=\"elementor-widget-container\">\n\t\t\t\t\t<h3 class=\"elementor-heading-title elementor-size-default\">Sz\u00e9khely<\/h3>\t\t\t\t<\/div>\n\t\t\t\t<\/div>\n\t\t\t\t<div class=\"elementor-element elementor-element-86ddd98 elementor-icon-list--layout-traditional elementor-list-item-link-full_width elementor-widget elementor-widget-icon-list\" data-id=\"86ddd98\" data-element_type=\"widget\" data-e-type=\"widget\" data-widget_type=\"icon-list.default\">\n\t\t\t\t<div class=\"elementor-widget-container\">\n\t\t\t\t\t\t\t<ul class=\"elementor-icon-list-items\">\n\t\t\t\t\t\t\t<li class=\"elementor-icon-list-item\">\n\t\t\t\t\t\t\t\t\t\t\t<span class=\"elementor-icon-list-icon\">\n\t\t\t\t\t\t\t<i aria-hidden=\"true\" class=\"fas fa-map-pin\"><\/i>\t\t\t\t\t\t<\/span>\n\t\t\t\t\t\t\t\t\t\t<span class=\"elementor-icon-list-text\">6795 Bord\u00e1ny, Dud\u00e1s utca 68.<\/span>\n\t\t\t\t\t\t\t\t\t<\/li>\n\t\t\t\t\t\t\t\t<li class=\"elementor-icon-list-item\">\n\t\t\t\t\t\t\t\t\t\t\t<span class=\"elementor-icon-list-icon\">\n\t\t\t\t\t\t\t<i aria-hidden=\"true\" class=\"fas fa-phone-alt\"><\/i>\t\t\t\t\t\t<\/span>\n\t\t\t\t\t\t\t\t\t\t<span class=\"elementor-icon-list-text\">+36 20 469 5088<\/span>\n\t\t\t\t\t\t\t\t\t<\/li>\n\t\t\t\t\t\t\t\t<li class=\"elementor-icon-list-item\">\n\t\t\t\t\t\t\t\t\t\t\t<span class=\"elementor-icon-list-icon\">\n\t\t\t\t\t\t\t<i aria-hidden=\"true\" class=\"fas fa-envelope\"><\/i>\t\t\t\t\t\t<\/span>\n\t\t\t\t\t\t\t\t\t\t<span class=\"elementor-icon-list-text\">info@napnet.hu<\/span>\n\t\t\t\t\t\t\t\t\t<\/li>\n\t\t\t\t\t\t<\/ul>\n\t\t\t\t\t\t<\/div>\n\t\t\t\t<\/div>\n\t\t\t\t\t<\/div>\n\t\t<\/div>\n\t\t\t\t<div class=\"elementor-column elementor-col-50 elementor-inner-column elementor-element elementor-element-b909722\" data-id=\"b909722\" data-element_type=\"column\" data-e-type=\"column\">\n\t\t\t<div class=\"elementor-widget-wrap elementor-element-populated\">\n\t\t\t\t\t\t<div class=\"elementor-element elementor-element-bab758d elementor-widget elementor-widget-google_maps\" data-id=\"bab758d\" data-element_type=\"widget\" data-e-type=\"widget\" data-widget_type=\"google_maps.default\">\n\t\t\t\t<div class=\"elementor-widget-container\">\n\t\t\t\t\t\t\t<div class=\"elementor-custom-embed\">\n\t\t\t<iframe loading=\"lazy\"\n\t\t\t\t\tsrc=\"https:\/\/maps.google.com\/maps?q=Napnet&#038;t=m&#038;z=10&#038;output=embed&#038;iwloc=near\"\n\t\t\t\t\ttitle=\"Napnet\"\n\t\t\t\t\taria-label=\"Napnet\"\n\t\t\t><\/iframe>\n\t\t<\/div>\n\t\t\t\t\t\t<\/div>\n\t\t\t\t<\/div>\n\t\t\t\t\t<\/div>\n\t\t<\/div>\n\t\t\t\t\t<\/div>\n\t\t<\/section>\n\t\t\t\t\t<\/div>\n\t\t<\/div>\n\t\t\t\t\t<\/div>\n\t\t<\/section>\n\t\t\t\t<section class=\"elementor-section elementor-inner-section elementor-element elementor-element-616ad8f9 elementor-section-height-min-height elementor-section-boxed elementor-section-height-default\" data-id=\"616ad8f9\" data-element_type=\"section\" data-e-type=\"section\">\n\t\t\t\t\t\t<div class=\"elementor-container elementor-column-gap-default\">\n\t\t\t\t\t<div class=\"elementor-column elementor-col-50 elementor-inner-column elementor-element elementor-element-5235e421 elementor-invisible\" data-id=\"5235e421\" data-element_type=\"column\" data-e-type=\"column\" data-settings=\"{&quot;background_background&quot;:&quot;classic&quot;,&quot;animation&quot;:&quot;fadeInLeft&quot;}\">\n\t\t\t<div class=\"elementor-widget-wrap elementor-element-populated\">\n\t\t\t\t\t\t<div class=\"elementor-element elementor-element-7b6d88b2 elementor-widget elementor-widget-heading\" data-id=\"7b6d88b2\" data-element_type=\"widget\" data-e-type=\"widget\" data-widget_type=\"heading.default\">\n\t\t\t\t<div class=\"elementor-widget-container\">\n\t\t\t\t\t<h2 class=\"elementor-heading-title elementor-size-default\">Kapcsolat<\/h2>\t\t\t\t<\/div>\n\t\t\t\t<\/div>\n\t\t\t\t<div class=\"elementor-element elementor-element-15e892ed elementor-widget elementor-widget-text-editor\" data-id=\"15e892ed\" data-element_type=\"widget\" data-e-type=\"widget\" data-widget_type=\"text-editor.default\">\n\t\t\t\t<div class=\"elementor-widget-container\">\n\t\t\t\t\t\t\t\t\t<p style=\"text-align: left;\">Forduljon bizalommal szakter\u00fclet\u00fcnk specialist\u00e1ihoz bizalommal szakmai \u00e9s egy\u00e9b k\u00e9rd\u00e9sekben is!<\/p>\t\t\t\t\t\t\t\t<\/div>\n\t\t\t\t<\/div>\n\t\t\t\t<div class=\"elementor-element elementor-element-5f6dc80c elementor-button-align-stretch elementor-widget elementor-widget-form\" data-id=\"5f6dc80c\" data-element_type=\"widget\" data-e-type=\"widget\" data-settings=\"{&quot;button_width&quot;:&quot;25&quot;,&quot;step_next_label&quot;:&quot;K\\u00f6vetkez\\u0151&quot;,&quot;step_previous_label&quot;:&quot;El\\u0151z\\u0151&quot;,&quot;step_type&quot;:&quot;number_text&quot;,&quot;step_icon_shape&quot;:&quot;circle&quot;}\" data-widget_type=\"form.default\">\n\t\t\t\t<div class=\"elementor-widget-container\">\n\t\t\t\t\t\t\t<form class=\"elementor-form\" method=\"post\" name=\"kapcsolati-urlap\" aria-label=\"kapcsolati-urlap\">\n\t\t\t<input type=\"hidden\" name=\"post_id\" value=\"9\"\/>\n\t\t\t<input type=\"hidden\" name=\"form_id\" value=\"5f6dc80c\"\/>\n\t\t\t<input type=\"hidden\" name=\"referer_title\" value=\"Kapcsolat &#8902; Napnet Kft.\" \/>\n\n\t\t\t\t\t\t\t<input type=\"hidden\" name=\"queried_id\" value=\"9\"\/>\n\t\t\t\n\t\t\t<div class=\"elementor-form-fields-wrapper elementor-labels-\">\n\t\t\t\t\t\t\t\t<div class=\"elementor-field-type-text elementor-field-group elementor-column elementor-field-group-name elementor-col-100 elementor-field-required\">\n\t\t\t\t\t\t\t\t\t\t\t\t<label for=\"form-field-name\" class=\"elementor-field-label elementor-screen-only\">\n\t\t\t\t\t\t\t\tN\u00e9v\t\t\t\t\t\t\t<\/label>\n\t\t\t\t\t\t\t\t\t\t\t\t\t\t<input size=\"1\" type=\"text\" name=\"form_fields[name]\" id=\"form-field-name\" class=\"elementor-field elementor-size-md  elementor-field-textual\" placeholder=\"N\u00e9v*\" required=\"required\">\n\t\t\t\t\t\t\t\t\t\t\t<\/div>\n\t\t\t\t\t\t\t\t<div class=\"elementor-field-type-email elementor-field-group elementor-column elementor-field-group-email elementor-col-100 elementor-field-required\">\n\t\t\t\t\t\t\t\t\t\t\t\t<label for=\"form-field-email\" class=\"elementor-field-label elementor-screen-only\">\n\t\t\t\t\t\t\t\tEmail\t\t\t\t\t\t\t<\/label>\n\t\t\t\t\t\t\t\t\t\t\t\t\t\t<input size=\"1\" type=\"email\" name=\"form_fields[email]\" id=\"form-field-email\" class=\"elementor-field elementor-size-md  elementor-field-textual\" placeholder=\"Email*\" required=\"required\">\n\t\t\t\t\t\t\t\t\t\t\t<\/div>\n\t\t\t\t\t\t\t\t<div class=\"elementor-field-type-tel elementor-field-group elementor-column elementor-field-group-field_telefonszam elementor-col-100 elementor-field-required\">\n\t\t\t\t\t\t\t\t\t\t\t\t<label for=\"form-field-field_telefonszam\" class=\"elementor-field-label elementor-screen-only\">\n\t\t\t\t\t\t\t\tTelefonsz\u00e1m\t\t\t\t\t\t\t<\/label>\n\t\t\t\t\t\t\t\t<input size=\"1\" type=\"tel\" name=\"form_fields[field_telefonszam]\" id=\"form-field-field_telefonszam\" class=\"elementor-field elementor-size-md  elementor-field-textual\" placeholder=\"Telefonsz\u00e1m*\" required=\"required\" pattern=\"[0-9()#&amp;+*-=.]+\" title=\"Only numbers and phone characters (#, -, *, etc) are accepted.\">\n\n\t\t\t\t\t\t<\/div>\n\t\t\t\t\t\t\t\t<div class=\"elementor-field-type-textarea elementor-field-group elementor-column elementor-field-group-message elementor-col-100 elementor-field-required\">\n\t\t\t\t\t\t\t\t\t\t\t\t<label for=\"form-field-message\" class=\"elementor-field-label elementor-screen-only\">\n\t\t\t\t\t\t\t\t\u00dczenet\t\t\t\t\t\t\t<\/label>\n\t\t\t\t\t\t<textarea class=\"elementor-field-textual elementor-field  elementor-size-md\" name=\"form_fields[message]\" id=\"form-field-message\" rows=\"4\" placeholder=\"\u00dczenet: \u00cdrja le n\u00e9h\u00e1ny mondatban, hogy koll\u00e9g\u00e1ink milyen k\u00e9rd\u00e9sekben \u00e1llhatnak a rendelkez\u00e9s\u00e9re\" required=\"required\"><\/textarea>\t\t\t\t<\/div>\n\t\t\t\t\t\t\t\t<div class=\"elementor-field-type-acceptance elementor-field-group elementor-column elementor-field-group-field_adatvedelmi elementor-col-100 elementor-field-required\">\n\t\t\t\t\t\t\t\t\t\t\t\t<label for=\"form-field-field_adatvedelmi\" class=\"elementor-field-label elementor-screen-only\">\n\t\t\t\t\t\t\t\tAdatv\u00e9delem\t\t\t\t\t\t\t<\/label>\n\t\t\t\t\t\t\t\t<div class=\"elementor-field-subgroup\">\n\t\t\t<span class=\"elementor-field-option\">\n\t\t\t\t<input type=\"checkbox\" name=\"form_fields[field_adatvedelmi]\" id=\"form-field-field_adatvedelmi\" class=\"elementor-field elementor-size-md  elementor-acceptance-field\" required=\"required\">\n\t\t\t\t<label for=\"form-field-field_adatvedelmi\">Elolvastam \u00e9s elfogadom az <a href='https:\/\/ttech.hu\/\/adatvedelmi-tajekoztato\/' target='_blank'>Adatv\u00e9delmi t\u00e1j\u00e9koztat\u00f3t<\/a><\/label>\t\t\t<\/span>\n\t\t<\/div>\n\t\t\t\t\t\t<\/div>\n\t\t\t\t\t\t\t\t<div class=\"elementor-field-type-radio elementor-field-group elementor-column elementor-field-group-field_hirlevel elementor-col-100 elementor-field-required\">\n\t\t\t\t\t\t\t\t\t\t\t\t<label for=\"form-field-field_hirlevel\" class=\"elementor-field-label elementor-screen-only\">\n\t\t\t\t\t\t\t\tH\u00edrlev\u00e9l\t\t\t\t\t\t\t<\/label>\n\t\t\t\t\t\t<div class=\"elementor-field-subgroup  elementor-subgroup-inline\"><span class=\"elementor-field-option\"><input type=\"radio\" value=\"Feliratkoz\u00e1s h\u00edrlev\u00e9lre\" id=\"form-field-field_hirlevel-0\" name=\"form_fields[field_hirlevel]\" required=\"required\"> <label for=\"form-field-field_hirlevel-0\">Feliratkoz\u00e1s h\u00edrlev\u00e9lre<\/label><\/span><span class=\"elementor-field-option\"><input type=\"radio\" value=\"Nem k\u00e9rek h\u00edrlevelet\" id=\"form-field-field_hirlevel-1\" name=\"form_fields[field_hirlevel]\" required=\"required\"> <label for=\"form-field-field_hirlevel-1\">Nem k\u00e9rek h\u00edrlevelet<\/label><\/span><\/div>\t\t\t\t<\/div>\n\t\t\t\t\t\t\t\t<div class=\"elementor-field-group elementor-column elementor-field-type-submit elementor-col-25 e-form__buttons\">\n\t\t\t\t\t<button class=\"elementor-button elementor-size-sm\" type=\"submit\">\n\t\t\t\t\t\t<span class=\"elementor-button-content-wrapper\">\n\t\t\t\t\t\t\t\t\t\t\t\t\t\t\t\t\t\t\t\t\t\t<span class=\"elementor-button-text\">K\u00fcld\u00e9s<\/span>\n\t\t\t\t\t\t\t\t\t\t\t\t\t<\/span>\n\t\t\t\t\t<\/button>\n\t\t\t\t<\/div>\n\t\t\t<\/div>\n\t\t<\/form>\n\t\t\t\t\t\t<\/div>\n\t\t\t\t<\/div>\n\t\t\t\t\t<\/div>\n\t\t<\/div>\n\t\t\t\t<div class=\"elementor-column elementor-col-50 elementor-inner-column elementor-element elementor-element-4b5bde5b\" data-id=\"4b5bde5b\" data-element_type=\"column\" data-e-type=\"column\" data-settings=\"{&quot;background_background&quot;:&quot;classic&quot;}\">\n\t\t\t<div class=\"elementor-widget-wrap elementor-element-populated\">\n\t\t\t\t\t<div class=\"elementor-background-overlay\"><\/div>\n\t\t\t\t\t\t<div class=\"elementor-element elementor-element-72df6c7d elementor-invisible elementor-widget elementor-widget-image\" data-id=\"72df6c7d\" data-element_type=\"widget\" data-e-type=\"widget\" data-settings=\"{&quot;_animation&quot;:&quot;fadeInRight&quot;}\" data-widget_type=\"image.default\">\n\t\t\t\t<div class=\"elementor-widget-container\">\n\t\t\t\t\t\t\t\t\t\t\t\t\t\t\t<img decoding=\"async\" width=\"300\" height=\"111\" src=\"https:\/\/napnet.hu\/napnet\/wp-content\/uploads\/2021\/12\/cropped-211205-napnet-logo-300x.png\" class=\"attachment-large size-large wp-image-89\" alt=\"\" \/>\t\t\t\t\t\t\t\t\t\t\t\t\t\t\t<\/div>\n\t\t\t\t<\/div>\n\t\t\t\t\t<\/div>\n\t\t<\/div>\n\t\t\t\t\t<\/div>\n\t\t<\/section>\n\t\t\t\t<\/div>\n\t\t","protected":false},"excerpt":{"rendered":"<p>NapNet Kft. Sz\u00e9khely 6795 Bord\u00e1ny, Dud\u00e1s utca 68. +36 20 469 5088 info@napnet.hu Kapcsolat Forduljon bizalommal szakter\u00fclet\u00fcnk specialist\u00e1ihoz bizalommal szakmai \u00e9s egy\u00e9b k\u00e9rd\u00e9sekben is!<\/p>\n","protected":false},"author":1,"featured_media":0,"parent":0,"menu_order":0,"comment_status":"closed","ping_status":"closed","template":"","meta":{"_acf_changed":false,"_exactmetrics_skip_tracking":false,"_exactmetrics_sitenote_active":false,"_exactmetrics_sitenote_note":"","_exactmetrics_sitenote_category":0,"footnotes":""},"class_list":["post-9","page","type-page","status-publish","hentry"],"acf":[],"yoast_head":"<!-- This site is optimized with the Yoast SEO plugin v27.3 - https:\/\/yoast.com\/product\/yoast-seo-wordpress\/ -->\n<title>Kapcsolat &#8902; Napnet Kft.<\/title>\n<meta name=\"robots\" content=\"index, follow, max-snippet:-1, max-image-preview:large, max-video-preview:-1\" \/>\n<link rel=\"canonical\" href=\"https:\/\/napnet.hu\/napnet\/index.php\/kapcsolat\/\" \/>\n<meta property=\"og:locale\" content=\"hu_HU\" \/>\n<meta property=\"og:type\" content=\"article\" \/>\n<meta property=\"og:title\" content=\"Kapcsolat &#8902; Napnet Kft.\" \/>\n<meta property=\"og:description\" content=\"NapNet Kft. Sz\u00e9khely 6795 Bord\u00e1ny, Dud\u00e1s utca 68. +36 20 469 5088 info@napnet.hu Kapcsolat Forduljon bizalommal szakter\u00fclet\u00fcnk specialist\u00e1ihoz bizalommal szakmai \u00e9s egy\u00e9b k\u00e9rd\u00e9sekben is!\" \/>\n<meta property=\"og:url\" content=\"https:\/\/napnet.hu\/napnet\/index.php\/kapcsolat\/\" \/>\n<meta property=\"og:site_name\" content=\"Napnet Kft.\" \/>\n<meta property=\"article:modified_time\" content=\"2023-05-22T19:22:52+00:00\" \/>\n<meta name=\"twitter:card\" content=\"summary_large_image\" \/>\n<meta name=\"twitter:label1\" content=\"Becs\u00fclt olvas\u00e1si id\u0151\" \/>\n\t<meta name=\"twitter:data1\" content=\"1 perc\" \/>\n<script type=\"application\/ld+json\" class=\"yoast-schema-graph\">{\"@context\":\"https:\\\/\\\/schema.org\",\"@graph\":[{\"@type\":\"WebPage\",\"@id\":\"https:\\\/\\\/napnet.hu\\\/napnet\\\/index.php\\\/kapcsolat\\\/\",\"url\":\"https:\\\/\\\/napnet.hu\\\/napnet\\\/index.php\\\/kapcsolat\\\/\",\"name\":\"Kapcsolat &#8902; Napnet Kft.\",\"isPartOf\":{\"@id\":\"https:\\\/\\\/napnet.hu\\\/napnet\\\/#website\"},\"datePublished\":\"2021-12-05T18:45:16+00:00\",\"dateModified\":\"2023-05-22T19:22:52+00:00\",\"breadcrumb\":{\"@id\":\"https:\\\/\\\/napnet.hu\\\/napnet\\\/index.php\\\/kapcsolat\\\/#breadcrumb\"},\"inLanguage\":\"hu\",\"potentialAction\":[{\"@type\":\"ReadAction\",\"target\":[\"https:\\\/\\\/napnet.hu\\\/napnet\\\/index.php\\\/kapcsolat\\\/\"]}]},{\"@type\":\"BreadcrumbList\",\"@id\":\"https:\\\/\\\/napnet.hu\\\/napnet\\\/index.php\\\/kapcsolat\\\/#breadcrumb\",\"itemListElement\":[{\"@type\":\"ListItem\",\"position\":1,\"name\":\"Kezd\u0151lap\",\"item\":\"https:\\\/\\\/napnet.hu\\\/napnet\\\/\"},{\"@type\":\"ListItem\",\"position\":2,\"name\":\"Kapcsolat\"}]},{\"@type\":\"WebSite\",\"@id\":\"https:\\\/\\\/napnet.hu\\\/napnet\\\/#website\",\"url\":\"https:\\\/\\\/napnet.hu\\\/napnet\\\/\",\"name\":\"Napnet Kft.\",\"description\":\"Napnet Kft. hivatalos weboldala\",\"publisher\":{\"@id\":\"https:\\\/\\\/napnet.hu\\\/napnet\\\/#organization\"},\"potentialAction\":[{\"@type\":\"SearchAction\",\"target\":{\"@type\":\"EntryPoint\",\"urlTemplate\":\"https:\\\/\\\/napnet.hu\\\/napnet\\\/?s={search_term_string}\"},\"query-input\":{\"@type\":\"PropertyValueSpecification\",\"valueRequired\":true,\"valueName\":\"search_term_string\"}}],\"inLanguage\":\"hu\"},{\"@type\":\"Organization\",\"@id\":\"https:\\\/\\\/napnet.hu\\\/napnet\\\/#organization\",\"name\":\"NapNet Kft.\",\"url\":\"https:\\\/\\\/napnet.hu\\\/napnet\\\/\",\"logo\":{\"@type\":\"ImageObject\",\"inLanguage\":\"hu\",\"@id\":\"https:\\\/\\\/napnet.hu\\\/napnet\\\/#\\\/schema\\\/logo\\\/image\\\/\",\"url\":\"https:\\\/\\\/napnet.hu\\\/napnet\\\/wp-content\\\/uploads\\\/2021\\\/12\\\/cropped-211205-napnet-logo-300x.png\",\"contentUrl\":\"https:\\\/\\\/napnet.hu\\\/napnet\\\/wp-content\\\/uploads\\\/2021\\\/12\\\/cropped-211205-napnet-logo-300x.png\",\"width\":300,\"height\":111,\"caption\":\"NapNet Kft.\"},\"image\":{\"@id\":\"https:\\\/\\\/napnet.hu\\\/napnet\\\/#\\\/schema\\\/logo\\\/image\\\/\"}}]}<\/script>\n<!-- \/ Yoast SEO plugin. -->","yoast_head_json":{"title":"Kapcsolat &#8902; Napnet Kft.","robots":{"index":"index","follow":"follow","max-snippet":"max-snippet:-1","max-image-preview":"max-image-preview:large","max-video-preview":"max-video-preview:-1"},"canonical":"https:\/\/napnet.hu\/napnet\/index.php\/kapcsolat\/","og_locale":"hu_HU","og_type":"article","og_title":"Kapcsolat &#8902; Napnet Kft.","og_description":"NapNet Kft. Sz\u00e9khely 6795 Bord\u00e1ny, Dud\u00e1s utca 68. +36 20 469 5088 info@napnet.hu Kapcsolat Forduljon bizalommal szakter\u00fclet\u00fcnk specialist\u00e1ihoz bizalommal szakmai \u00e9s egy\u00e9b k\u00e9rd\u00e9sekben is!","og_url":"https:\/\/napnet.hu\/napnet\/index.php\/kapcsolat\/","og_site_name":"Napnet Kft.","article_modified_time":"2023-05-22T19:22:52+00:00","twitter_card":"summary_large_image","twitter_misc":{"Becs\u00fclt olvas\u00e1si id\u0151":"1 perc"},"schema":{"@context":"https:\/\/schema.org","@graph":[{"@type":"WebPage","@id":"https:\/\/napnet.hu\/napnet\/index.php\/kapcsolat\/","url":"https:\/\/napnet.hu\/napnet\/index.php\/kapcsolat\/","name":"Kapcsolat &#8902; Napnet Kft.","isPartOf":{"@id":"https:\/\/napnet.hu\/napnet\/#website"},"datePublished":"2021-12-05T18:45:16+00:00","dateModified":"2023-05-22T19:22:52+00:00","breadcrumb":{"@id":"https:\/\/napnet.hu\/napnet\/index.php\/kapcsolat\/#breadcrumb"},"inLanguage":"hu","potentialAction":[{"@type":"ReadAction","target":["https:\/\/napnet.hu\/napnet\/index.php\/kapcsolat\/"]}]},{"@type":"BreadcrumbList","@id":"https:\/\/napnet.hu\/napnet\/index.php\/kapcsolat\/#breadcrumb","itemListElement":[{"@type":"ListItem","position":1,"name":"Kezd\u0151lap","item":"https:\/\/napnet.hu\/napnet\/"},{"@type":"ListItem","position":2,"name":"Kapcsolat"}]},{"@type":"WebSite","@id":"https:\/\/napnet.hu\/napnet\/#website","url":"https:\/\/napnet.hu\/napnet\/","name":"Napnet Kft.","description":"Napnet Kft. hivatalos weboldala","publisher":{"@id":"https:\/\/napnet.hu\/napnet\/#organization"},"potentialAction":[{"@type":"SearchAction","target":{"@type":"EntryPoint","urlTemplate":"https:\/\/napnet.hu\/napnet\/?s={search_term_string}"},"query-input":{"@type":"PropertyValueSpecification","valueRequired":true,"valueName":"search_term_string"}}],"inLanguage":"hu"},{"@type":"Organization","@id":"https:\/\/napnet.hu\/napnet\/#organization","name":"NapNet Kft.","url":"https:\/\/napnet.hu\/napnet\/","logo":{"@type":"ImageObject","inLanguage":"hu","@id":"https:\/\/napnet.hu\/napnet\/#\/schema\/logo\/image\/","url":"https:\/\/napnet.hu\/napnet\/wp-content\/uploads\/2021\/12\/cropped-211205-napnet-logo-300x.png","contentUrl":"https:\/\/napnet.hu\/napnet\/wp-content\/uploads\/2021\/12\/cropped-211205-napnet-logo-300x.png","width":300,"height":111,"caption":"NapNet Kft."},"image":{"@id":"https:\/\/napnet.hu\/napnet\/#\/schema\/logo\/image\/"}}]}},"_links":{"self":[{"href":"https:\/\/napnet.hu\/napnet\/index.php\/wp-json\/wp\/v2\/pages\/9","targetHints":{"allow":["GET"]}}],"collection":[{"href":"https:\/\/napnet.hu\/napnet\/index.php\/wp-json\/wp\/v2\/pages"}],"about":[{"href":"https:\/\/napnet.hu\/napnet\/index.php\/wp-json\/wp\/v2\/types\/page"}],"author":[{"embeddable":true,"href":"https:\/\/napnet.hu\/napnet\/index.php\/wp-json\/wp\/v2\/users\/1"}],"replies":[{"embeddable":true,"href":"https:\/\/napnet.hu\/napnet\/index.php\/wp-json\/wp\/v2\/comments?post=9"}],"version-history":[{"count":29,"href":"https:\/\/napnet.hu\/napnet\/index.php\/wp-json\/wp\/v2\/pages\/9\/revisions"}],"predecessor-version":[{"id":320,"href":"https:\/\/napnet.hu\/napnet\/index.php\/wp-json\/wp\/v2\/pages\/9\/revisions\/320"}],"wp:attachment":[{"href":"https:\/\/napnet.hu\/napnet\/index.php\/wp-json\/wp\/v2\/media?parent=9"}],"curies":[{"name":"wp","href":"https:\/\/api.w.org\/{rel}","templated":true}]}}