{"id":3,"date":"2021-12-05T18:20:22","date_gmt":"2021-12-05T18:20:22","guid":{"rendered":"https:\/\/napnet.hu\/napnet\/?page_id=3"},"modified":"2021-12-05T20:04:35","modified_gmt":"2021-12-05T20:04:35","slug":"adatkezelesi-tajekoztato","status":"publish","type":"page","link":"https:\/\/napnet.hu\/napnet\/index.php\/adatkezelesi-tajekoztato\/","title":{"rendered":"Adatkezel\u00e9si t\u00e1j\u00e9koztat\u00f3"},"content":{"rendered":"\t\t<div data-elementor-type=\"wp-page\" data-elementor-id=\"3\" class=\"elementor elementor-3\" data-elementor-post-type=\"page\">\n\t\t\t\t\t\t<section class=\"elementor-section elementor-top-section elementor-element elementor-element-77f1f41 elementor-section-boxed elementor-section-height-default elementor-section-height-default\" data-id=\"77f1f41\" data-element_type=\"section\" data-e-type=\"section\">\n\t\t\t\t\t\t<div class=\"elementor-container elementor-column-gap-default\">\n\t\t\t\t\t<div class=\"elementor-column elementor-col-100 elementor-top-column elementor-element elementor-element-b0715a1\" data-id=\"b0715a1\" data-element_type=\"column\" data-e-type=\"column\">\n\t\t\t<div class=\"elementor-widget-wrap elementor-element-populated\">\n\t\t\t\t\t\t<div class=\"elementor-element elementor-element-d6c2e02 elementor-widget elementor-widget-text-editor\" data-id=\"d6c2e02\" data-element_type=\"widget\" data-e-type=\"widget\" data-widget_type=\"text-editor.default\">\n\t\t\t\t<div class=\"elementor-widget-container\">\n\t\t\t\t\t\t\t\t\t<p>Adatkezel\u00e9si t\u00e1j\u00e9koztat\u00f3<\/p>\t\t\t\t\t\t\t\t<\/div>\n\t\t\t\t<\/div>\n\t\t\t\t\t<\/div>\n\t\t<\/div>\n\t\t\t\t\t<\/div>\n\t\t<\/section>\n\t\t\t\t<\/div>\n\t\t","protected":false},"excerpt":{"rendered":"<p>Adatkezel\u00e9si t\u00e1j\u00e9koztat\u00f3<\/p>\n","protected":false},"author":1,"featured_media":0,"parent":0,"menu_order":0,"comment_status":"closed","ping_status":"open","template":"","meta":{"_acf_changed":false,"_exactmetrics_skip_tracking":false,"_exactmetrics_sitenote_active":false,"_exactmetrics_sitenote_note":"","_exactmetrics_sitenote_category":0,"footnotes":""},"class_list":["post-3","page","type-page","status-publish","hentry"],"acf":[],"yoast_head":"<!-- This site is optimized with the Yoast SEO plugin v27.3 - https:\/\/yoast.com\/product\/yoast-seo-wordpress\/ -->\n<title>Adatkezel\u00e9si t\u00e1j\u00e9koztat\u00f3 &#8902; Napnet Kft.<\/title>\n<meta name=\"robots\" content=\"index, follow, max-snippet:-1, max-image-preview:large, max-video-preview:-1\" \/>\n<link rel=\"canonical\" href=\"https:\/\/napnet.hu\/napnet\/index.php\/adatkezelesi-tajekoztato\/\" \/>\n<meta property=\"og:locale\" content=\"hu_HU\" \/>\n<meta property=\"og:type\" content=\"article\" \/>\n<meta property=\"og:title\" content=\"Adatkezel\u00e9si t\u00e1j\u00e9koztat\u00f3 &#8902; Napnet Kft.\" \/>\n<meta property=\"og:description\" content=\"Adatkezel\u00e9si t\u00e1j\u00e9koztat\u00f3\" \/>\n<meta property=\"og:url\" content=\"https:\/\/napnet.hu\/napnet\/index.php\/adatkezelesi-tajekoztato\/\" \/>\n<meta property=\"og:site_name\" content=\"Napnet Kft.\" \/>\n<meta property=\"article:modified_time\" content=\"2021-12-05T20:04:35+00:00\" \/>\n<meta name=\"twitter:card\" content=\"summary_large_image\" \/>\n<meta name=\"twitter:label1\" content=\"Becs\u00fclt olvas\u00e1si id\u0151\" \/>\n\t<meta name=\"twitter:data1\" content=\"1 perc\" \/>\n<script type=\"application\/ld+json\" class=\"yoast-schema-graph\">{\"@context\":\"https:\\\/\\\/schema.org\",\"@graph\":[{\"@type\":\"WebPage\",\"@id\":\"https:\\\/\\\/napnet.hu\\\/napnet\\\/index.php\\\/adatkezelesi-tajekoztato\\\/\",\"url\":\"https:\\\/\\\/napnet.hu\\\/napnet\\\/index.php\\\/adatkezelesi-tajekoztato\\\/\",\"name\":\"Adatkezel\u00e9si t\u00e1j\u00e9koztat\u00f3 &#8902; Napnet Kft.\",\"isPartOf\":{\"@id\":\"https:\\\/\\\/napnet.hu\\\/napnet\\\/#website\"},\"datePublished\":\"2021-12-05T18:20:22+00:00\",\"dateModified\":\"2021-12-05T20:04:35+00:00\",\"breadcrumb\":{\"@id\":\"https:\\\/\\\/napnet.hu\\\/napnet\\\/index.php\\\/adatkezelesi-tajekoztato\\\/#breadcrumb\"},\"inLanguage\":\"hu\",\"potentialAction\":[{\"@type\":\"ReadAction\",\"target\":[\"https:\\\/\\\/napnet.hu\\\/napnet\\\/index.php\\\/adatkezelesi-tajekoztato\\\/\"]}]},{\"@type\":\"BreadcrumbList\",\"@id\":\"https:\\\/\\\/napnet.hu\\\/napnet\\\/index.php\\\/adatkezelesi-tajekoztato\\\/#breadcrumb\",\"itemListElement\":[{\"@type\":\"ListItem\",\"position\":1,\"name\":\"Kezd\u0151lap\",\"item\":\"https:\\\/\\\/napnet.hu\\\/napnet\\\/\"},{\"@type\":\"ListItem\",\"position\":2,\"name\":\"Adatkezel\u00e9si t\u00e1j\u00e9koztat\u00f3\"}]},{\"@type\":\"WebSite\",\"@id\":\"https:\\\/\\\/napnet.hu\\\/napnet\\\/#website\",\"url\":\"https:\\\/\\\/napnet.hu\\\/napnet\\\/\",\"name\":\"Napnet Kft.\",\"description\":\"Napnet Kft. hivatalos weboldala\",\"publisher\":{\"@id\":\"https:\\\/\\\/napnet.hu\\\/napnet\\\/#organization\"},\"potentialAction\":[{\"@type\":\"SearchAction\",\"target\":{\"@type\":\"EntryPoint\",\"urlTemplate\":\"https:\\\/\\\/napnet.hu\\\/napnet\\\/?s={search_term_string}\"},\"query-input\":{\"@type\":\"PropertyValueSpecification\",\"valueRequired\":true,\"valueName\":\"search_term_string\"}}],\"inLanguage\":\"hu\"},{\"@type\":\"Organization\",\"@id\":\"https:\\\/\\\/napnet.hu\\\/napnet\\\/#organization\",\"name\":\"NapNet Kft.\",\"url\":\"https:\\\/\\\/napnet.hu\\\/napnet\\\/\",\"logo\":{\"@type\":\"ImageObject\",\"inLanguage\":\"hu\",\"@id\":\"https:\\\/\\\/napnet.hu\\\/napnet\\\/#\\\/schema\\\/logo\\\/image\\\/\",\"url\":\"https:\\\/\\\/napnet.hu\\\/napnet\\\/wp-content\\\/uploads\\\/2021\\\/12\\\/cropped-211205-napnet-logo-300x.png\",\"contentUrl\":\"https:\\\/\\\/napnet.hu\\\/napnet\\\/wp-content\\\/uploads\\\/2021\\\/12\\\/cropped-211205-napnet-logo-300x.png\",\"width\":300,\"height\":111,\"caption\":\"NapNet Kft.\"},\"image\":{\"@id\":\"https:\\\/\\\/napnet.hu\\\/napnet\\\/#\\\/schema\\\/logo\\\/image\\\/\"}}]}<\/script>\n<!-- \/ Yoast SEO plugin. -->","yoast_head_json":{"title":"Adatkezel\u00e9si t\u00e1j\u00e9koztat\u00f3 &#8902; Napnet Kft.","robots":{"index":"index","follow":"follow","max-snippet":"max-snippet:-1","max-image-preview":"max-image-preview:large","max-video-preview":"max-video-preview:-1"},"canonical":"https:\/\/napnet.hu\/napnet\/index.php\/adatkezelesi-tajekoztato\/","og_locale":"hu_HU","og_type":"article","og_title":"Adatkezel\u00e9si t\u00e1j\u00e9koztat\u00f3 &#8902; Napnet Kft.","og_description":"Adatkezel\u00e9si t\u00e1j\u00e9koztat\u00f3","og_url":"https:\/\/napnet.hu\/napnet\/index.php\/adatkezelesi-tajekoztato\/","og_site_name":"Napnet Kft.","article_modified_time":"2021-12-05T20:04:35+00:00","twitter_card":"summary_large_image","twitter_misc":{"Becs\u00fclt olvas\u00e1si id\u0151":"1 perc"},"schema":{"@context":"https:\/\/schema.org","@graph":[{"@type":"WebPage","@id":"https:\/\/napnet.hu\/napnet\/index.php\/adatkezelesi-tajekoztato\/","url":"https:\/\/napnet.hu\/napnet\/index.php\/adatkezelesi-tajekoztato\/","name":"Adatkezel\u00e9si t\u00e1j\u00e9koztat\u00f3 &#8902; Napnet Kft.","isPartOf":{"@id":"https:\/\/napnet.hu\/napnet\/#website"},"datePublished":"2021-12-05T18:20:22+00:00","dateModified":"2021-12-05T20:04:35+00:00","breadcrumb":{"@id":"https:\/\/napnet.hu\/napnet\/index.php\/adatkezelesi-tajekoztato\/#breadcrumb"},"inLanguage":"hu","potentialAction":[{"@type":"ReadAction","target":["https:\/\/napnet.hu\/napnet\/index.php\/adatkezelesi-tajekoztato\/"]}]},{"@type":"BreadcrumbList","@id":"https:\/\/napnet.hu\/napnet\/index.php\/adatkezelesi-tajekoztato\/#breadcrumb","itemListElement":[{"@type":"ListItem","position":1,"name":"Kezd\u0151lap","item":"https:\/\/napnet.hu\/napnet\/"},{"@type":"ListItem","position":2,"name":"Adatkezel\u00e9si t\u00e1j\u00e9koztat\u00f3"}]},{"@type":"WebSite","@id":"https:\/\/napnet.hu\/napnet\/#website","url":"https:\/\/napnet.hu\/napnet\/","name":"Napnet Kft.","description":"Napnet Kft. hivatalos weboldala","publisher":{"@id":"https:\/\/napnet.hu\/napnet\/#organization"},"potentialAction":[{"@type":"SearchAction","target":{"@type":"EntryPoint","urlTemplate":"https:\/\/napnet.hu\/napnet\/?s={search_term_string}"},"query-input":{"@type":"PropertyValueSpecification","valueRequired":true,"valueName":"search_term_string"}}],"inLanguage":"hu"},{"@type":"Organization","@id":"https:\/\/napnet.hu\/napnet\/#organization","name":"NapNet Kft.","url":"https:\/\/napnet.hu\/napnet\/","logo":{"@type":"ImageObject","inLanguage":"hu","@id":"https:\/\/napnet.hu\/napnet\/#\/schema\/logo\/image\/","url":"https:\/\/napnet.hu\/napnet\/wp-content\/uploads\/2021\/12\/cropped-211205-napnet-logo-300x.png","contentUrl":"https:\/\/napnet.hu\/napnet\/wp-content\/uploads\/2021\/12\/cropped-211205-napnet-logo-300x.png","width":300,"height":111,"caption":"NapNet Kft."},"image":{"@id":"https:\/\/napnet.hu\/napnet\/#\/schema\/logo\/image\/"}}]}},"_links":{"self":[{"href":"https:\/\/napnet.hu\/napnet\/index.php\/wp-json\/wp\/v2\/pages\/3","targetHints":{"allow":["GET"]}}],"collection":[{"href":"https:\/\/napnet.hu\/napnet\/index.php\/wp-json\/wp\/v2\/pages"}],"about":[{"href":"https:\/\/napnet.hu\/napnet\/index.php\/wp-json\/wp\/v2\/types\/page"}],"author":[{"embeddable":true,"href":"https:\/\/napnet.hu\/napnet\/index.php\/wp-json\/wp\/v2\/users\/1"}],"replies":[{"embeddable":true,"href":"https:\/\/napnet.hu\/napnet\/index.php\/wp-json\/wp\/v2\/comments?post=3"}],"version-history":[{"count":10,"href":"https:\/\/napnet.hu\/napnet\/index.php\/wp-json\/wp\/v2\/pages\/3\/revisions"}],"predecessor-version":[{"id":105,"href":"https:\/\/napnet.hu\/napnet\/index.php\/wp-json\/wp\/v2\/pages\/3\/revisions\/105"}],"wp:attachment":[{"href":"https:\/\/napnet.hu\/napnet\/index.php\/wp-json\/wp\/v2\/media?parent=3"}],"curies":[{"name":"wp","href":"https:\/\/api.w.org\/{rel}","templated":true}]}}