{"id":16,"date":"2021-12-05T18:52:10","date_gmt":"2021-12-05T18:52:10","guid":{"rendered":"https:\/\/napnet.hu\/napnet\/?page_id=16"},"modified":"2021-12-05T22:20:44","modified_gmt":"2021-12-05T22:20:44","slug":"internet-szolgaltatas","status":"publish","type":"page","link":"https:\/\/napnet.hu\/napnet\/index.php\/internet-szolgaltatas\/","title":{"rendered":"Internet szolg\u00e1ltat\u00e1s"},"content":{"rendered":"\t\t<div data-elementor-type=\"wp-page\" data-elementor-id=\"16\" class=\"elementor elementor-16\" data-elementor-post-type=\"page\">\n\t\t\t\t\t\t<section class=\"elementor-section elementor-top-section elementor-element elementor-element-9b84b04 elementor-section-boxed elementor-section-height-default elementor-section-height-default\" data-id=\"9b84b04\" data-element_type=\"section\" data-e-type=\"section\">\n\t\t\t\t\t\t<div class=\"elementor-container elementor-column-gap-default\">\n\t\t\t\t\t<div class=\"elementor-column elementor-col-100 elementor-top-column elementor-element elementor-element-4bc2d03\" data-id=\"4bc2d03\" data-element_type=\"column\" data-e-type=\"column\">\n\t\t\t<div class=\"elementor-widget-wrap\">\n\t\t\t\t\t\t\t<\/div>\n\t\t<\/div>\n\t\t\t\t\t<\/div>\n\t\t<\/section>\n\t\t\t\t<section class=\"elementor-section elementor-top-section elementor-element elementor-element-67d4222 elementor-section-boxed elementor-section-height-default elementor-section-height-default\" data-id=\"67d4222\" data-element_type=\"section\" data-e-type=\"section\">\n\t\t\t\t\t\t<div class=\"elementor-container elementor-column-gap-default\">\n\t\t\t\t\t<div class=\"elementor-column elementor-col-50 elementor-top-column elementor-element elementor-element-b18cf1d\" data-id=\"b18cf1d\" data-element_type=\"column\" data-e-type=\"column\">\n\t\t\t<div class=\"elementor-widget-wrap elementor-element-populated\">\n\t\t\t\t\t\t<div class=\"elementor-element elementor-element-3817fbd elementor-widget elementor-widget-heading\" data-id=\"3817fbd\" data-element_type=\"widget\" data-e-type=\"widget\" data-widget_type=\"heading.default\">\n\t\t\t\t<div class=\"elementor-widget-container\">\n\t\t\t\t\t<h2 class=\"elementor-heading-title elementor-size-default\">Tisztelt \u00dcgyfeleink!<\/h2>\t\t\t\t<\/div>\n\t\t\t\t<\/div>\n\t\t\t\t<div class=\"elementor-element elementor-element-cf156be elementor-widget elementor-widget-text-editor\" data-id=\"cf156be\" data-element_type=\"widget\" data-e-type=\"widget\" data-widget_type=\"text-editor.default\">\n\t\t\t\t<div class=\"elementor-widget-container\">\n\t\t\t\t\t\t\t\t\t<p>Az internetszolg\u00e1ltat\u00e1s \u00fczlet\u00e1gunkat \u00e9rt\u00e9kes\u00edtett\u00fck. A szolg\u00e1ltat\u00e1ssal kapcsolatos k\u00e9rd\u00e9sekben a j\u00f6v\u0151ben teljes k\u00f6r\u0171en az \u00faj szolg\u00e1ltat\u00f3 az illet\u00e9kes.\u00a0<\/p><p>K\u00e9rd\u00e9s eset\u00e9n, k\u00e9rj\u00fck vegy\u00e9k fel a kapcsolatot az \u00faj szolg\u00e1ltat\u00f3 \u00fcgyf\u00e9lszolg\u00e1lat\u00e1val az al\u00e1bbi el\u00e9rhet\u0151s\u00e9gek egyik\u00e9n:<\/p><p>\u00a0<\/p><p>\u00a0<\/p>\t\t\t\t\t\t\t\t<\/div>\n\t\t\t\t<\/div>\n\t\t\t\t\t<\/div>\n\t\t<\/div>\n\t\t\t\t<div class=\"elementor-column elementor-col-50 elementor-top-column elementor-element elementor-element-ddf72c1\" data-id=\"ddf72c1\" data-element_type=\"column\" data-e-type=\"column\" data-settings=\"{&quot;background_background&quot;:&quot;classic&quot;}\">\n\t\t\t<div class=\"elementor-widget-wrap elementor-element-populated\">\n\t\t\t\t\t\t<div class=\"elementor-element elementor-element-fb6ded2 elementor-widget elementor-widget-image\" data-id=\"fb6ded2\" data-element_type=\"widget\" data-e-type=\"widget\" data-widget_type=\"image.default\">\n\t\t\t\t<div class=\"elementor-widget-container\">\n\t\t\t\t\t\t\t\t\t\t\t\t\t\t\t<img decoding=\"async\" width=\"150\" height=\"150\" src=\"https:\/\/napnet.hu\/napnet\/wp-content\/uploads\/2021\/12\/211205-napnet-logo-1x1-1-150x150.png\" class=\"attachment-thumbnail size-thumbnail wp-image-85\" alt=\"\" srcset=\"https:\/\/napnet.hu\/napnet\/wp-content\/uploads\/2021\/12\/211205-napnet-logo-1x1-1-150x150.png 150w, https:\/\/napnet.hu\/napnet\/wp-content\/uploads\/2021\/12\/211205-napnet-logo-1x1-1-300x300.png 300w, https:\/\/napnet.hu\/napnet\/wp-content\/uploads\/2021\/12\/211205-napnet-logo-1x1-1.png 710w\" sizes=\"(max-width: 150px) 100vw, 150px\" \/>\t\t\t\t\t\t\t\t\t\t\t\t\t\t\t<\/div>\n\t\t\t\t<\/div>\n\t\t\t\t\t<\/div>\n\t\t<\/div>\n\t\t\t\t\t<\/div>\n\t\t<\/section>\n\t\t\t\t<\/div>\n\t\t","protected":false},"excerpt":{"rendered":"<p>Tisztelt \u00dcgyfeleink! Az internetszolg\u00e1ltat\u00e1s \u00fczlet\u00e1gunkat \u00e9rt\u00e9kes\u00edtett\u00fck. A szolg\u00e1ltat\u00e1ssal kapcsolatos k\u00e9rd\u00e9sekben a j\u00f6v\u0151ben teljes k\u00f6r\u0171en az \u00faj szolg\u00e1ltat\u00f3 az illet\u00e9kes.\u00a0 K\u00e9rd\u00e9s eset\u00e9n, k\u00e9rj\u00fck vegy\u00e9k fel a kapcsolatot az \u00faj szolg\u00e1ltat\u00f3 \u00fcgyf\u00e9lszolg\u00e1lat\u00e1val az al\u00e1bbi el\u00e9rhet\u0151s\u00e9gek egyik\u00e9n: \u00a0 \u00a0<\/p>\n","protected":false},"author":1,"featured_media":108,"parent":0,"menu_order":0,"comment_status":"closed","ping_status":"closed","template":"","meta":{"_acf_changed":false,"_exactmetrics_skip_tracking":false,"_exactmetrics_sitenote_active":false,"_exactmetrics_sitenote_note":"","_exactmetrics_sitenote_category":0,"footnotes":""},"class_list":["post-16","page","type-page","status-publish","has-post-thumbnail","hentry"],"acf":[],"yoast_head":"<!-- This site is optimized with the Yoast SEO plugin v27.4 - https:\/\/yoast.com\/product\/yoast-seo-wordpress\/ -->\n<title>Internet szolg\u00e1ltat\u00e1s &#8902; Napnet Kft.<\/title>\n<meta name=\"robots\" content=\"index, follow, max-snippet:-1, max-image-preview:large, max-video-preview:-1\" \/>\n<link rel=\"canonical\" href=\"https:\/\/napnet.hu\/napnet\/index.php\/internet-szolgaltatas\/\" \/>\n<meta property=\"og:locale\" content=\"hu_HU\" \/>\n<meta property=\"og:type\" content=\"article\" \/>\n<meta property=\"og:title\" content=\"Internet szolg\u00e1ltat\u00e1s &#8902; Napnet Kft.\" \/>\n<meta property=\"og:description\" content=\"Tisztelt \u00dcgyfeleink! Az internetszolg\u00e1ltat\u00e1s \u00fczlet\u00e1gunkat \u00e9rt\u00e9kes\u00edtett\u00fck. A szolg\u00e1ltat\u00e1ssal kapcsolatos k\u00e9rd\u00e9sekben a j\u00f6v\u0151ben teljes k\u00f6r\u0171en az \u00faj szolg\u00e1ltat\u00f3 az illet\u00e9kes.\u00a0 K\u00e9rd\u00e9s eset\u00e9n, k\u00e9rj\u00fck vegy\u00e9k fel a kapcsolatot az \u00faj szolg\u00e1ltat\u00f3 \u00fcgyf\u00e9lszolg\u00e1lat\u00e1val az al\u00e1bbi el\u00e9rhet\u0151s\u00e9gek egyik\u00e9n: \u00a0 \u00a0\" \/>\n<meta property=\"og:url\" content=\"https:\/\/napnet.hu\/napnet\/index.php\/internet-szolgaltatas\/\" \/>\n<meta property=\"og:site_name\" content=\"Napnet Kft.\" \/>\n<meta property=\"article:modified_time\" content=\"2021-12-05T22:20:44+00:00\" \/>\n<meta property=\"og:image\" content=\"https:\/\/napnet.hu\/napnet\/wp-content\/uploads\/2021\/12\/global-connections.jpg\" \/>\n\t<meta property=\"og:image:width\" content=\"1200\" \/>\n\t<meta property=\"og:image:height\" content=\"800\" \/>\n\t<meta property=\"og:image:type\" content=\"image\/jpeg\" \/>\n<meta name=\"twitter:card\" content=\"summary_large_image\" \/>\n<meta name=\"twitter:label1\" content=\"Becs\u00fclt olvas\u00e1si id\u0151\" \/>\n\t<meta name=\"twitter:data1\" content=\"1 perc\" \/>\n<script type=\"application\/ld+json\" class=\"yoast-schema-graph\">{\"@context\":\"https:\\\/\\\/schema.org\",\"@graph\":[{\"@type\":\"WebPage\",\"@id\":\"https:\\\/\\\/napnet.hu\\\/napnet\\\/index.php\\\/internet-szolgaltatas\\\/\",\"url\":\"https:\\\/\\\/napnet.hu\\\/napnet\\\/index.php\\\/internet-szolgaltatas\\\/\",\"name\":\"Internet szolg\u00e1ltat\u00e1s &#8902; Napnet Kft.\",\"isPartOf\":{\"@id\":\"https:\\\/\\\/napnet.hu\\\/napnet\\\/#website\"},\"primaryImageOfPage\":{\"@id\":\"https:\\\/\\\/napnet.hu\\\/napnet\\\/index.php\\\/internet-szolgaltatas\\\/#primaryimage\"},\"image\":{\"@id\":\"https:\\\/\\\/napnet.hu\\\/napnet\\\/index.php\\\/internet-szolgaltatas\\\/#primaryimage\"},\"thumbnailUrl\":\"https:\\\/\\\/napnet.hu\\\/napnet\\\/wp-content\\\/uploads\\\/2021\\\/12\\\/global-connections.jpg\",\"datePublished\":\"2021-12-05T18:52:10+00:00\",\"dateModified\":\"2021-12-05T22:20:44+00:00\",\"breadcrumb\":{\"@id\":\"https:\\\/\\\/napnet.hu\\\/napnet\\\/index.php\\\/internet-szolgaltatas\\\/#breadcrumb\"},\"inLanguage\":\"hu\",\"potentialAction\":[{\"@type\":\"ReadAction\",\"target\":[\"https:\\\/\\\/napnet.hu\\\/napnet\\\/index.php\\\/internet-szolgaltatas\\\/\"]}]},{\"@type\":\"ImageObject\",\"inLanguage\":\"hu\",\"@id\":\"https:\\\/\\\/napnet.hu\\\/napnet\\\/index.php\\\/internet-szolgaltatas\\\/#primaryimage\",\"url\":\"https:\\\/\\\/napnet.hu\\\/napnet\\\/wp-content\\\/uploads\\\/2021\\\/12\\\/global-connections.jpg\",\"contentUrl\":\"https:\\\/\\\/napnet.hu\\\/napnet\\\/wp-content\\\/uploads\\\/2021\\\/12\\\/global-connections.jpg\",\"width\":1200,\"height\":800},{\"@type\":\"BreadcrumbList\",\"@id\":\"https:\\\/\\\/napnet.hu\\\/napnet\\\/index.php\\\/internet-szolgaltatas\\\/#breadcrumb\",\"itemListElement\":[{\"@type\":\"ListItem\",\"position\":1,\"name\":\"Kezd\u0151lap\",\"item\":\"https:\\\/\\\/napnet.hu\\\/napnet\\\/\"},{\"@type\":\"ListItem\",\"position\":2,\"name\":\"Internet szolg\u00e1ltat\u00e1s\"}]},{\"@type\":\"WebSite\",\"@id\":\"https:\\\/\\\/napnet.hu\\\/napnet\\\/#website\",\"url\":\"https:\\\/\\\/napnet.hu\\\/napnet\\\/\",\"name\":\"Napnet Kft.\",\"description\":\"Napnet Kft. hivatalos weboldala\",\"publisher\":{\"@id\":\"https:\\\/\\\/napnet.hu\\\/napnet\\\/#organization\"},\"potentialAction\":[{\"@type\":\"SearchAction\",\"target\":{\"@type\":\"EntryPoint\",\"urlTemplate\":\"https:\\\/\\\/napnet.hu\\\/napnet\\\/?s={search_term_string}\"},\"query-input\":{\"@type\":\"PropertyValueSpecification\",\"valueRequired\":true,\"valueName\":\"search_term_string\"}}],\"inLanguage\":\"hu\"},{\"@type\":\"Organization\",\"@id\":\"https:\\\/\\\/napnet.hu\\\/napnet\\\/#organization\",\"name\":\"NapNet Kft.\",\"url\":\"https:\\\/\\\/napnet.hu\\\/napnet\\\/\",\"logo\":{\"@type\":\"ImageObject\",\"inLanguage\":\"hu\",\"@id\":\"https:\\\/\\\/napnet.hu\\\/napnet\\\/#\\\/schema\\\/logo\\\/image\\\/\",\"url\":\"https:\\\/\\\/napnet.hu\\\/napnet\\\/wp-content\\\/uploads\\\/2021\\\/12\\\/cropped-211205-napnet-logo-300x.png\",\"contentUrl\":\"https:\\\/\\\/napnet.hu\\\/napnet\\\/wp-content\\\/uploads\\\/2021\\\/12\\\/cropped-211205-napnet-logo-300x.png\",\"width\":300,\"height\":111,\"caption\":\"NapNet Kft.\"},\"image\":{\"@id\":\"https:\\\/\\\/napnet.hu\\\/napnet\\\/#\\\/schema\\\/logo\\\/image\\\/\"}}]}<\/script>\n<!-- \/ Yoast SEO plugin. -->","yoast_head_json":{"title":"Internet szolg\u00e1ltat\u00e1s &#8902; Napnet Kft.","robots":{"index":"index","follow":"follow","max-snippet":"max-snippet:-1","max-image-preview":"max-image-preview:large","max-video-preview":"max-video-preview:-1"},"canonical":"https:\/\/napnet.hu\/napnet\/index.php\/internet-szolgaltatas\/","og_locale":"hu_HU","og_type":"article","og_title":"Internet szolg\u00e1ltat\u00e1s &#8902; Napnet Kft.","og_description":"Tisztelt \u00dcgyfeleink! Az internetszolg\u00e1ltat\u00e1s \u00fczlet\u00e1gunkat \u00e9rt\u00e9kes\u00edtett\u00fck. A szolg\u00e1ltat\u00e1ssal kapcsolatos k\u00e9rd\u00e9sekben a j\u00f6v\u0151ben teljes k\u00f6r\u0171en az \u00faj szolg\u00e1ltat\u00f3 az illet\u00e9kes.\u00a0 K\u00e9rd\u00e9s eset\u00e9n, k\u00e9rj\u00fck vegy\u00e9k fel a kapcsolatot az \u00faj szolg\u00e1ltat\u00f3 \u00fcgyf\u00e9lszolg\u00e1lat\u00e1val az al\u00e1bbi el\u00e9rhet\u0151s\u00e9gek egyik\u00e9n: \u00a0 \u00a0","og_url":"https:\/\/napnet.hu\/napnet\/index.php\/internet-szolgaltatas\/","og_site_name":"Napnet Kft.","article_modified_time":"2021-12-05T22:20:44+00:00","og_image":[{"width":1200,"height":800,"url":"https:\/\/napnet.hu\/napnet\/wp-content\/uploads\/2021\/12\/global-connections.jpg","type":"image\/jpeg"}],"twitter_card":"summary_large_image","twitter_misc":{"Becs\u00fclt olvas\u00e1si id\u0151":"1 perc"},"schema":{"@context":"https:\/\/schema.org","@graph":[{"@type":"WebPage","@id":"https:\/\/napnet.hu\/napnet\/index.php\/internet-szolgaltatas\/","url":"https:\/\/napnet.hu\/napnet\/index.php\/internet-szolgaltatas\/","name":"Internet szolg\u00e1ltat\u00e1s &#8902; Napnet Kft.","isPartOf":{"@id":"https:\/\/napnet.hu\/napnet\/#website"},"primaryImageOfPage":{"@id":"https:\/\/napnet.hu\/napnet\/index.php\/internet-szolgaltatas\/#primaryimage"},"image":{"@id":"https:\/\/napnet.hu\/napnet\/index.php\/internet-szolgaltatas\/#primaryimage"},"thumbnailUrl":"https:\/\/napnet.hu\/napnet\/wp-content\/uploads\/2021\/12\/global-connections.jpg","datePublished":"2021-12-05T18:52:10+00:00","dateModified":"2021-12-05T22:20:44+00:00","breadcrumb":{"@id":"https:\/\/napnet.hu\/napnet\/index.php\/internet-szolgaltatas\/#breadcrumb"},"inLanguage":"hu","potentialAction":[{"@type":"ReadAction","target":["https:\/\/napnet.hu\/napnet\/index.php\/internet-szolgaltatas\/"]}]},{"@type":"ImageObject","inLanguage":"hu","@id":"https:\/\/napnet.hu\/napnet\/index.php\/internet-szolgaltatas\/#primaryimage","url":"https:\/\/napnet.hu\/napnet\/wp-content\/uploads\/2021\/12\/global-connections.jpg","contentUrl":"https:\/\/napnet.hu\/napnet\/wp-content\/uploads\/2021\/12\/global-connections.jpg","width":1200,"height":800},{"@type":"BreadcrumbList","@id":"https:\/\/napnet.hu\/napnet\/index.php\/internet-szolgaltatas\/#breadcrumb","itemListElement":[{"@type":"ListItem","position":1,"name":"Kezd\u0151lap","item":"https:\/\/napnet.hu\/napnet\/"},{"@type":"ListItem","position":2,"name":"Internet szolg\u00e1ltat\u00e1s"}]},{"@type":"WebSite","@id":"https:\/\/napnet.hu\/napnet\/#website","url":"https:\/\/napnet.hu\/napnet\/","name":"Napnet Kft.","description":"Napnet Kft. hivatalos weboldala","publisher":{"@id":"https:\/\/napnet.hu\/napnet\/#organization"},"potentialAction":[{"@type":"SearchAction","target":{"@type":"EntryPoint","urlTemplate":"https:\/\/napnet.hu\/napnet\/?s={search_term_string}"},"query-input":{"@type":"PropertyValueSpecification","valueRequired":true,"valueName":"search_term_string"}}],"inLanguage":"hu"},{"@type":"Organization","@id":"https:\/\/napnet.hu\/napnet\/#organization","name":"NapNet Kft.","url":"https:\/\/napnet.hu\/napnet\/","logo":{"@type":"ImageObject","inLanguage":"hu","@id":"https:\/\/napnet.hu\/napnet\/#\/schema\/logo\/image\/","url":"https:\/\/napnet.hu\/napnet\/wp-content\/uploads\/2021\/12\/cropped-211205-napnet-logo-300x.png","contentUrl":"https:\/\/napnet.hu\/napnet\/wp-content\/uploads\/2021\/12\/cropped-211205-napnet-logo-300x.png","width":300,"height":111,"caption":"NapNet Kft."},"image":{"@id":"https:\/\/napnet.hu\/napnet\/#\/schema\/logo\/image\/"}}]}},"_links":{"self":[{"href":"https:\/\/napnet.hu\/napnet\/index.php\/wp-json\/wp\/v2\/pages\/16","targetHints":{"allow":["GET"]}}],"collection":[{"href":"https:\/\/napnet.hu\/napnet\/index.php\/wp-json\/wp\/v2\/pages"}],"about":[{"href":"https:\/\/napnet.hu\/napnet\/index.php\/wp-json\/wp\/v2\/types\/page"}],"author":[{"embeddable":true,"href":"https:\/\/napnet.hu\/napnet\/index.php\/wp-json\/wp\/v2\/users\/1"}],"replies":[{"embeddable":true,"href":"https:\/\/napnet.hu\/napnet\/index.php\/wp-json\/wp\/v2\/comments?post=16"}],"version-history":[{"count":11,"href":"https:\/\/napnet.hu\/napnet\/index.php\/wp-json\/wp\/v2\/pages\/16\/revisions"}],"predecessor-version":[{"id":150,"href":"https:\/\/napnet.hu\/napnet\/index.php\/wp-json\/wp\/v2\/pages\/16\/revisions\/150"}],"wp:featuredmedia":[{"embeddable":true,"href":"https:\/\/napnet.hu\/napnet\/index.php\/wp-json\/wp\/v2\/media\/108"}],"wp:attachment":[{"href":"https:\/\/napnet.hu\/napnet\/index.php\/wp-json\/wp\/v2\/media?parent=16"}],"curies":[{"name":"wp","href":"https:\/\/api.w.org\/{rel}","templated":true}]}}