{"id":12,"date":"2021-12-05T18:51:45","date_gmt":"2021-12-05T18:51:45","guid":{"rendered":"https:\/\/napnet.hu\/napnet\/?page_id=12"},"modified":"2021-12-05T19:37:08","modified_gmt":"2021-12-05T19:37:08","slug":"impresszum","status":"publish","type":"page","link":"https:\/\/napnet.hu\/napnet\/index.php\/impresszum\/","title":{"rendered":"Impresszum"},"content":{"rendered":"\t\t<div data-elementor-type=\"wp-page\" data-elementor-id=\"12\" class=\"elementor elementor-12\" data-elementor-post-type=\"page\">\n\t\t\t\t\t\t<section class=\"elementor-section elementor-top-section elementor-element elementor-element-39c55c77 elementor-section-boxed elementor-section-height-default elementor-section-height-default\" data-id=\"39c55c77\" data-element_type=\"section\" data-e-type=\"section\">\n\t\t\t\t\t\t<div class=\"elementor-container elementor-column-gap-default\">\n\t\t\t\t\t<div class=\"elementor-column elementor-col-66 elementor-top-column elementor-element elementor-element-12cba816\" data-id=\"12cba816\" data-element_type=\"column\" data-e-type=\"column\">\n\t\t\t<div class=\"elementor-widget-wrap elementor-element-populated\">\n\t\t\t\t\t\t<div class=\"elementor-element elementor-element-07079f6 elementor-widget elementor-widget-heading\" data-id=\"07079f6\" data-element_type=\"widget\" data-e-type=\"widget\" data-widget_type=\"heading.default\">\n\t\t\t\t<div class=\"elementor-widget-container\">\n\t\t\t\t\t<h2 class=\"elementor-heading-title elementor-size-default\">NapNet Kft.<\/h2>\t\t\t\t<\/div>\n\t\t\t\t<\/div>\n\t\t\t\t<div class=\"elementor-element elementor-element-268094f8 elementor-widget elementor-widget-text-editor\" data-id=\"268094f8\" data-element_type=\"widget\" data-e-type=\"widget\" data-widget_type=\"text-editor.default\">\n\t\t\t\t<div class=\"elementor-widget-container\">\n\t\t\t\t\t\t\t\t\t<table><tbody><tr><td style=\"width: 50%;\"><strong>Hivatalos elnevez\u00e9s<\/strong><\/td><td style=\"text-align: center;\">NapNet Kereskedelmi \u00e9s Szolg\u00e1ltat\u00f3 Kft<\/td><\/tr><tr><td><strong>R\u00f6vid elnevez\u00e9s<\/strong><\/td><td style=\"text-align: center;\">NapNet Kft<\/td><\/tr><tr><td><strong>Sz\u00e9khely<\/strong><\/td><td style=\"text-align: center;\">6795 Bord\u00e1ny, Dud\u00e1s utca 68.<\/td><\/tr><tr><td><strong>Telephelyek<\/strong><\/td><td style=\"text-align: center;\">\u00a0<\/td><\/tr><tr><td><strong>Levelez\u00e9si c\u00edm<\/strong><\/td><td style=\"text-align: center;\">\u00a0<\/td><\/tr><tr><td><strong>C\u00e9gjegyz\u00e9ksz\u00e1m<\/strong><\/td><td style=\"text-align: center;\">06-09-008732<\/td><\/tr><tr><td><strong>Ad\u00f3sz\u00e1m<\/strong><\/td><td style=\"text-align: center;\"><div class=\"col-sm-3 col-xs-6\"><span class=\"adoszam\">13101826-2-06<\/span><\/div><\/td><\/tr><tr><td><strong>Nyilv\u00e1ntart\u00e1sba vev\u0151 hat\u00f3s\u00e1g<\/strong><\/td><td style=\"text-align: center;\">Szegedi T\u00f6rv\u00e9nysz\u00e9k C\u00e9gb\u00edr\u00f3s\u00e1ga<\/td><\/tr><\/tbody><\/table>\t\t\t\t\t\t\t\t<\/div>\n\t\t\t\t<\/div>\n\t\t\t\t<div class=\"elementor-element elementor-element-e949ea5 elementor-widget elementor-widget-heading\" data-id=\"e949ea5\" data-element_type=\"widget\" data-e-type=\"widget\" data-widget_type=\"heading.default\">\n\t\t\t\t<div class=\"elementor-widget-container\">\n\t\t\t\t\t<h2 class=\"elementor-heading-title elementor-size-default\">Kapcsolat<\/h2>\t\t\t\t<\/div>\n\t\t\t\t<\/div>\n\t\t\t\t<div class=\"elementor-element elementor-element-4604c9e1 elementor-widget elementor-widget-text-editor\" data-id=\"4604c9e1\" data-element_type=\"widget\" data-e-type=\"widget\" data-widget_type=\"text-editor.default\">\n\t\t\t\t<div class=\"elementor-widget-container\">\n\t\t\t\t\t\t\t\t\t<table class=\"table table-striped mb-0\">\n<tbody>\n<tr>\n<td style=\"width: 50%;\"><strong>email<\/strong><\/td>\n<td style=\"text-align: center;\">info@napnet.hu<\/td>\n<\/tr>\n<tr>\n<td><strong>Telefonsz\u00e1m<\/strong><\/td>\n<td style=\"text-align: center;\">+36 20 999 8989<\/td>\n<\/tr>\n<tr>\n<td><strong>Postac\u00edm<\/strong><\/td>\n<td style=\"text-align: center;\">6795 Bord\u00e1ny, Dud\u00e1s itca 68..<\/td>\n<\/tr>\n\n<\/tbody>\n<\/table>\t\t\t\t\t\t\t\t<\/div>\n\t\t\t\t<\/div>\n\t\t\t\t\t<\/div>\n\t\t<\/div>\n\t\t\t\t<div class=\"elementor-column elementor-col-33 elementor-top-column elementor-element elementor-element-138b874c\" data-id=\"138b874c\" data-element_type=\"column\" data-e-type=\"column\" data-settings=\"{&quot;background_background&quot;:&quot;classic&quot;}\">\n\t\t\t<div class=\"elementor-widget-wrap elementor-element-populated\">\n\t\t\t\t\t\t<div class=\"elementor-element elementor-element-7f5537db elementor-widget elementor-widget-image\" data-id=\"7f5537db\" data-element_type=\"widget\" data-e-type=\"widget\" data-widget_type=\"image.default\">\n\t\t\t\t<div class=\"elementor-widget-container\">\n\t\t\t\t\t\t\t\t\t\t\t\t\t\t\t<img decoding=\"async\" width=\"300\" height=\"111\" src=\"https:\/\/napnet.hu\/napnet\/wp-content\/uploads\/2021\/12\/cropped-211205-napnet-logo-300x.png\" class=\"attachment-large size-large wp-image-89\" alt=\"\" \/>\t\t\t\t\t\t\t\t\t\t\t\t\t\t\t<\/div>\n\t\t\t\t<\/div>\n\t\t\t\t\t<\/div>\n\t\t<\/div>\n\t\t\t\t\t<\/div>\n\t\t<\/section>\n\t\t\t\t<section class=\"elementor-section elementor-top-section elementor-element elementor-element-bf1ada6 elementor-section-boxed elementor-section-height-default elementor-section-height-default\" data-id=\"bf1ada6\" data-element_type=\"section\" data-e-type=\"section\">\n\t\t\t\t\t\t<div class=\"elementor-container elementor-column-gap-default\">\n\t\t\t\t\t<div class=\"elementor-column elementor-col-100 elementor-top-column elementor-element elementor-element-1208c4b\" data-id=\"1208c4b\" data-element_type=\"column\" data-e-type=\"column\">\n\t\t\t<div class=\"elementor-widget-wrap elementor-element-populated\">\n\t\t\t\t\t\t<div class=\"elementor-element elementor-element-c8c64cc elementor-widget elementor-widget-text-editor\" data-id=\"c8c64cc\" data-element_type=\"widget\" data-e-type=\"widget\" data-widget_type=\"text-editor.default\">\n\t\t\t\t<div class=\"elementor-widget-container\">\n\t\t\t\t\t\t\t\t\t<p>A www.napnet.hu webhelyen \u00fczemeltet\u0151je az NapNet Kft. (k\u00e9s\u0151bbiekben \u00fczemeltet\u0151) a felt\u00fcntetett hib\u00e1s adatok vagy \u00e1rak tekintet\u00e9ben nem v\u00e1llal felel\u0151ss\u00e9get, a tartalom megv\u00e1ltoztat\u00e1s (r\u00e9szben vagy eg\u00e9szben) jog\u00e1t fenntartja.<\/p><p>A weboldal teljes terjedelm\u00e9ben \u00fczemeltet\u0151 szellemi term\u00e9ke, szerz\u0151i jogv\u00e9delem alatt \u00e1ll, az oldalon megtal\u00e1lhat\u00f3 inform\u00e1ci\u00f3k, adatok kiz\u00e1r\u00f3lag saj\u00e1t felhaszn\u00e1l\u00e1s c\u00e9lj\u00e1b\u00f3l haszn\u00e1lhat\u00f3k, menthet\u0151k el \u00e9s nyomtathat\u00f3ak ki. A weboldal (r\u00e9szben vagy eg\u00e9szben) m\u00e1sol\u00e1sa, sokszoros\u00edt\u00e1sa, b\u00e1rmilyen c\u00e9l\u00fa fel- \u00e9s \u00e1tdolgoz\u00e1sa, kereskedelmi forgalomba hozatala, hasznos\u00edt\u00e1sa vagy m\u00e1s, nem saj\u00e1t felhaszn\u00e1l\u00e1sra t\u00f6rt\u00e9n\u0151 haszn\u00e1lata tilos. Nem tartozik ezen tilalom al\u00e1 a weboldal vagy annak egy r\u00e9sz\u00e9nek a sajt\u00f3r\u00f3l sz\u00f3l\u00f3 1986. \u00e9vi II. t\u00f6rv\u00e9nyben meghat\u00e1rozott sajt\u00f3 \u00e1ltal az ugyanezen t\u00f6rv\u00e9ny szerinti sajt\u00f3term\u00e9k nyilv\u00e1nos k\u00f6zl\u00e9se c\u00e9lj\u00e1b\u00f3l t\u00f6rt\u00e9n\u0151 felhaszn\u00e1l\u00e1sa. A jogosulatlan felhaszn\u00e1l\u00e1s b\u00fcntet\u0151- \u00e9s polg\u00e1ri jogi k\u00f6vetkezm\u00e9nyeket von maga ut\u00e1n.<\/p><p>A weblapon tal\u00e1lhat\u00f3 fot\u00f3k, k\u00e9pek, vide\u00f3k \u00e9s azok elrendez\u00e9se is az oldal \u00fczemeltet\u0151j\u00e9nek kiz\u00e1r\u00f3lagos tulajdona vagy kiz\u00e1r\u00f3lagos haszn\u00e1lat\u00e1ban \u00e1ll, melyek szint\u00e9n szerz\u0151i jogv\u00e9delem alatt \u00e1llnak, azok kiz\u00e1r\u00f3lag saj\u00e1t felhaszn\u00e1l\u00e1s c\u00e9lj\u00e1b\u00f3l haszn\u00e1lhat\u00f3k, menthet\u0151k el \u00e9s nyomtathat\u00f3k ki. A weboldalon tal\u00e1lhat\u00f3 fot\u00f3k, k\u00e9pek, vide\u00f3k m\u00e1sol\u00e1sa, sokszoros\u00edt\u00e1sa, b\u00e1rmilyen c\u00e9l\u00fa fel- \u00e9s \u00e1tdolgoz\u00e1sa, kereskedelmi fogalomba hozatala, hasznos\u00edt\u00e1sa vagy m\u00e1s, nem saj\u00e1t felhaszn\u00e1l\u00e1sra t\u00f6rt\u00e9n\u0151 haszn\u00e1lata tilos. Az oldalon tal\u00e1lhat\u00f3 stockfot\u00f3k a www.freepik.com \u00e9s a www.pixbay.com oldalr\u00f3l sz\u00e1rmaznak. Nem tartozik ezen tilalom al\u00e1 a weboldalon tal\u00e1lhat\u00f3 fot\u00f3knak, k\u00e9peknek, vide\u00f3knak a sajt\u00f3r\u00f3l sz\u00f3l\u00f3 1986. \u00e9vi II. t\u00f6rv\u00e9nyben meghat\u00e1rozott sajt\u00f3 \u00e1ltal az ugyanezen t\u00f6rv\u00e9ny szerinti sajt\u00f3term\u00e9k nyilv\u00e1nos k\u00f6zl\u00e9se c\u00e9lj\u00e1b\u00f3l t\u00f6rt\u00e9n\u0151 felhaszn\u00e1l\u00e1sa. A jogosulatlan felhaszn\u00e1l\u00e1s b\u00fcntet\u0151- \u00e9s polg\u00e1ri jogi k\u00f6vetkezm\u00e9nyeket von maga ut\u00e1n.<\/p><p>A port\u00e1lon tal\u00e1lhat\u00f3 tartalmak haszn\u00e1lat\u00e1hoz minden esetben az oldal \u00fczemeltet\u0151j\u00e9nek el\u0151zetes \u00edr\u00e1sbeli hozz\u00e1j\u00e1rul\u00e1sa sz\u00fcks\u00e9ges.<\/p>\t\t\t\t\t\t\t\t<\/div>\n\t\t\t\t<\/div>\n\t\t\t\t\t<\/div>\n\t\t<\/div>\n\t\t\t\t\t<\/div>\n\t\t<\/section>\n\t\t\t\t<\/div>\n\t\t","protected":false},"excerpt":{"rendered":"<p>NapNet Kft. Hivatalos elnevez\u00e9s NapNet Kereskedelmi \u00e9s Szolg\u00e1ltat\u00f3 Kft R\u00f6vid elnevez\u00e9s NapNet Kft Sz\u00e9khely 6795 Bord\u00e1ny, Dud\u00e1s utca 68. Telephelyek \u00a0 Levelez\u00e9si c\u00edm \u00a0 C\u00e9gjegyz\u00e9ksz\u00e1m 06-09-008732 Ad\u00f3sz\u00e1m 13101826-2-06 Nyilv\u00e1ntart\u00e1sba vev\u0151 hat\u00f3s\u00e1g Szegedi T\u00f6rv\u00e9nysz\u00e9k C\u00e9gb\u00edr\u00f3s\u00e1ga Kapcsolat email info@napnet.hu Telefonsz\u00e1m +36 20 999 8989 Postac\u00edm 6795 Bord\u00e1ny, Dud\u00e1s itca 68.. A www.napnet.hu webhelyen \u00fczemeltet\u0151je az NapNet Kft. [&hellip;]<\/p>\n","protected":false},"author":1,"featured_media":0,"parent":0,"menu_order":0,"comment_status":"closed","ping_status":"closed","template":"","meta":{"_acf_changed":false,"_exactmetrics_skip_tracking":false,"_exactmetrics_sitenote_active":false,"_exactmetrics_sitenote_note":"","_exactmetrics_sitenote_category":0,"footnotes":""},"class_list":["post-12","page","type-page","status-publish","hentry"],"acf":[],"yoast_head":"<!-- This site is optimized with the Yoast SEO plugin v27.4 - https:\/\/yoast.com\/product\/yoast-seo-wordpress\/ -->\n<title>Impresszum &#8902; Napnet Kft.<\/title>\n<meta name=\"robots\" content=\"index, follow, max-snippet:-1, max-image-preview:large, max-video-preview:-1\" \/>\n<link rel=\"canonical\" href=\"https:\/\/napnet.hu\/napnet\/index.php\/impresszum\/\" \/>\n<meta property=\"og:locale\" content=\"hu_HU\" \/>\n<meta property=\"og:type\" content=\"article\" \/>\n<meta property=\"og:title\" content=\"Impresszum &#8902; Napnet Kft.\" \/>\n<meta property=\"og:description\" content=\"NapNet Kft. Hivatalos elnevez\u00e9s NapNet Kereskedelmi \u00e9s Szolg\u00e1ltat\u00f3 Kft R\u00f6vid elnevez\u00e9s NapNet Kft Sz\u00e9khely 6795 Bord\u00e1ny, Dud\u00e1s utca 68. Telephelyek \u00a0 Levelez\u00e9si c\u00edm \u00a0 C\u00e9gjegyz\u00e9ksz\u00e1m 06-09-008732 Ad\u00f3sz\u00e1m 13101826-2-06 Nyilv\u00e1ntart\u00e1sba vev\u0151 hat\u00f3s\u00e1g Szegedi T\u00f6rv\u00e9nysz\u00e9k C\u00e9gb\u00edr\u00f3s\u00e1ga Kapcsolat email info@napnet.hu Telefonsz\u00e1m +36 20 999 8989 Postac\u00edm 6795 Bord\u00e1ny, Dud\u00e1s itca 68.. A www.napnet.hu webhelyen \u00fczemeltet\u0151je az NapNet Kft. [&hellip;]\" \/>\n<meta property=\"og:url\" content=\"https:\/\/napnet.hu\/napnet\/index.php\/impresszum\/\" \/>\n<meta property=\"og:site_name\" content=\"Napnet Kft.\" \/>\n<meta property=\"article:modified_time\" content=\"2021-12-05T19:37:08+00:00\" \/>\n<meta name=\"twitter:card\" content=\"summary_large_image\" \/>\n<meta name=\"twitter:label1\" content=\"Becs\u00fclt olvas\u00e1si id\u0151\" \/>\n\t<meta name=\"twitter:data1\" content=\"2 perc\" \/>\n<script type=\"application\/ld+json\" class=\"yoast-schema-graph\">{\"@context\":\"https:\\\/\\\/schema.org\",\"@graph\":[{\"@type\":\"WebPage\",\"@id\":\"https:\\\/\\\/napnet.hu\\\/napnet\\\/index.php\\\/impresszum\\\/\",\"url\":\"https:\\\/\\\/napnet.hu\\\/napnet\\\/index.php\\\/impresszum\\\/\",\"name\":\"Impresszum &#8902; Napnet Kft.\",\"isPartOf\":{\"@id\":\"https:\\\/\\\/napnet.hu\\\/napnet\\\/#website\"},\"datePublished\":\"2021-12-05T18:51:45+00:00\",\"dateModified\":\"2021-12-05T19:37:08+00:00\",\"breadcrumb\":{\"@id\":\"https:\\\/\\\/napnet.hu\\\/napnet\\\/index.php\\\/impresszum\\\/#breadcrumb\"},\"inLanguage\":\"hu\",\"potentialAction\":[{\"@type\":\"ReadAction\",\"target\":[\"https:\\\/\\\/napnet.hu\\\/napnet\\\/index.php\\\/impresszum\\\/\"]}]},{\"@type\":\"BreadcrumbList\",\"@id\":\"https:\\\/\\\/napnet.hu\\\/napnet\\\/index.php\\\/impresszum\\\/#breadcrumb\",\"itemListElement\":[{\"@type\":\"ListItem\",\"position\":1,\"name\":\"Kezd\u0151lap\",\"item\":\"https:\\\/\\\/napnet.hu\\\/napnet\\\/\"},{\"@type\":\"ListItem\",\"position\":2,\"name\":\"Impresszum\"}]},{\"@type\":\"WebSite\",\"@id\":\"https:\\\/\\\/napnet.hu\\\/napnet\\\/#website\",\"url\":\"https:\\\/\\\/napnet.hu\\\/napnet\\\/\",\"name\":\"Napnet Kft.\",\"description\":\"Napnet Kft. hivatalos weboldala\",\"publisher\":{\"@id\":\"https:\\\/\\\/napnet.hu\\\/napnet\\\/#organization\"},\"potentialAction\":[{\"@type\":\"SearchAction\",\"target\":{\"@type\":\"EntryPoint\",\"urlTemplate\":\"https:\\\/\\\/napnet.hu\\\/napnet\\\/?s={search_term_string}\"},\"query-input\":{\"@type\":\"PropertyValueSpecification\",\"valueRequired\":true,\"valueName\":\"search_term_string\"}}],\"inLanguage\":\"hu\"},{\"@type\":\"Organization\",\"@id\":\"https:\\\/\\\/napnet.hu\\\/napnet\\\/#organization\",\"name\":\"NapNet Kft.\",\"url\":\"https:\\\/\\\/napnet.hu\\\/napnet\\\/\",\"logo\":{\"@type\":\"ImageObject\",\"inLanguage\":\"hu\",\"@id\":\"https:\\\/\\\/napnet.hu\\\/napnet\\\/#\\\/schema\\\/logo\\\/image\\\/\",\"url\":\"https:\\\/\\\/napnet.hu\\\/napnet\\\/wp-content\\\/uploads\\\/2021\\\/12\\\/cropped-211205-napnet-logo-300x.png\",\"contentUrl\":\"https:\\\/\\\/napnet.hu\\\/napnet\\\/wp-content\\\/uploads\\\/2021\\\/12\\\/cropped-211205-napnet-logo-300x.png\",\"width\":300,\"height\":111,\"caption\":\"NapNet Kft.\"},\"image\":{\"@id\":\"https:\\\/\\\/napnet.hu\\\/napnet\\\/#\\\/schema\\\/logo\\\/image\\\/\"}}]}<\/script>\n<!-- \/ Yoast SEO plugin. -->","yoast_head_json":{"title":"Impresszum &#8902; Napnet Kft.","robots":{"index":"index","follow":"follow","max-snippet":"max-snippet:-1","max-image-preview":"max-image-preview:large","max-video-preview":"max-video-preview:-1"},"canonical":"https:\/\/napnet.hu\/napnet\/index.php\/impresszum\/","og_locale":"hu_HU","og_type":"article","og_title":"Impresszum &#8902; Napnet Kft.","og_description":"NapNet Kft. Hivatalos elnevez\u00e9s NapNet Kereskedelmi \u00e9s Szolg\u00e1ltat\u00f3 Kft R\u00f6vid elnevez\u00e9s NapNet Kft Sz\u00e9khely 6795 Bord\u00e1ny, Dud\u00e1s utca 68. Telephelyek \u00a0 Levelez\u00e9si c\u00edm \u00a0 C\u00e9gjegyz\u00e9ksz\u00e1m 06-09-008732 Ad\u00f3sz\u00e1m 13101826-2-06 Nyilv\u00e1ntart\u00e1sba vev\u0151 hat\u00f3s\u00e1g Szegedi T\u00f6rv\u00e9nysz\u00e9k C\u00e9gb\u00edr\u00f3s\u00e1ga Kapcsolat email info@napnet.hu Telefonsz\u00e1m +36 20 999 8989 Postac\u00edm 6795 Bord\u00e1ny, Dud\u00e1s itca 68.. A www.napnet.hu webhelyen \u00fczemeltet\u0151je az NapNet Kft. [&hellip;]","og_url":"https:\/\/napnet.hu\/napnet\/index.php\/impresszum\/","og_site_name":"Napnet Kft.","article_modified_time":"2021-12-05T19:37:08+00:00","twitter_card":"summary_large_image","twitter_misc":{"Becs\u00fclt olvas\u00e1si id\u0151":"2 perc"},"schema":{"@context":"https:\/\/schema.org","@graph":[{"@type":"WebPage","@id":"https:\/\/napnet.hu\/napnet\/index.php\/impresszum\/","url":"https:\/\/napnet.hu\/napnet\/index.php\/impresszum\/","name":"Impresszum &#8902; Napnet Kft.","isPartOf":{"@id":"https:\/\/napnet.hu\/napnet\/#website"},"datePublished":"2021-12-05T18:51:45+00:00","dateModified":"2021-12-05T19:37:08+00:00","breadcrumb":{"@id":"https:\/\/napnet.hu\/napnet\/index.php\/impresszum\/#breadcrumb"},"inLanguage":"hu","potentialAction":[{"@type":"ReadAction","target":["https:\/\/napnet.hu\/napnet\/index.php\/impresszum\/"]}]},{"@type":"BreadcrumbList","@id":"https:\/\/napnet.hu\/napnet\/index.php\/impresszum\/#breadcrumb","itemListElement":[{"@type":"ListItem","position":1,"name":"Kezd\u0151lap","item":"https:\/\/napnet.hu\/napnet\/"},{"@type":"ListItem","position":2,"name":"Impresszum"}]},{"@type":"WebSite","@id":"https:\/\/napnet.hu\/napnet\/#website","url":"https:\/\/napnet.hu\/napnet\/","name":"Napnet Kft.","description":"Napnet Kft. hivatalos weboldala","publisher":{"@id":"https:\/\/napnet.hu\/napnet\/#organization"},"potentialAction":[{"@type":"SearchAction","target":{"@type":"EntryPoint","urlTemplate":"https:\/\/napnet.hu\/napnet\/?s={search_term_string}"},"query-input":{"@type":"PropertyValueSpecification","valueRequired":true,"valueName":"search_term_string"}}],"inLanguage":"hu"},{"@type":"Organization","@id":"https:\/\/napnet.hu\/napnet\/#organization","name":"NapNet Kft.","url":"https:\/\/napnet.hu\/napnet\/","logo":{"@type":"ImageObject","inLanguage":"hu","@id":"https:\/\/napnet.hu\/napnet\/#\/schema\/logo\/image\/","url":"https:\/\/napnet.hu\/napnet\/wp-content\/uploads\/2021\/12\/cropped-211205-napnet-logo-300x.png","contentUrl":"https:\/\/napnet.hu\/napnet\/wp-content\/uploads\/2021\/12\/cropped-211205-napnet-logo-300x.png","width":300,"height":111,"caption":"NapNet Kft."},"image":{"@id":"https:\/\/napnet.hu\/napnet\/#\/schema\/logo\/image\/"}}]}},"_links":{"self":[{"href":"https:\/\/napnet.hu\/napnet\/index.php\/wp-json\/wp\/v2\/pages\/12","targetHints":{"allow":["GET"]}}],"collection":[{"href":"https:\/\/napnet.hu\/napnet\/index.php\/wp-json\/wp\/v2\/pages"}],"about":[{"href":"https:\/\/napnet.hu\/napnet\/index.php\/wp-json\/wp\/v2\/types\/page"}],"author":[{"embeddable":true,"href":"https:\/\/napnet.hu\/napnet\/index.php\/wp-json\/wp\/v2\/users\/1"}],"replies":[{"embeddable":true,"href":"https:\/\/napnet.hu\/napnet\/index.php\/wp-json\/wp\/v2\/comments?post=12"}],"version-history":[{"count":8,"href":"https:\/\/napnet.hu\/napnet\/index.php\/wp-json\/wp\/v2\/pages\/12\/revisions"}],"predecessor-version":[{"id":368,"href":"https:\/\/napnet.hu\/napnet\/index.php\/wp-json\/wp\/v2\/pages\/12\/revisions\/368"}],"wp:attachment":[{"href":"https:\/\/napnet.hu\/napnet\/index.php\/wp-json\/wp\/v2\/media?parent=12"}],"curies":[{"name":"wp","href":"https:\/\/api.w.org\/{rel}","templated":true}]}}